{"id":79,"date":"2013-03-29T20:51:23","date_gmt":"2013-03-29T18:51:23","guid":{"rendered":"http:\/\/www.mtv-studio.de\/\/?page_id=79"},"modified":"2023-10-01T15:10:21","modified_gmt":"2023-10-01T13:10:21","slug":"michaela","status":"publish","type":"page","link":"http:\/\/www.mtv-studio.de\/?page_id=79","title":{"rendered":"Michaela Moisch"},"content":{"rendered":"<table border=\"0\" width=\"100%\">\n<tbody>\n<tr>\n<td colspan=\"2\"><span style=\"color: #800000;\"><b>&nbsp;<\/b><\/span><\/td>\n<td rowspan=\"6\" width=\"64%\">&nbsp;<a href=\"http:\/\/www.mtv-studio.de\/wp-content\/uploads\/2013\/05\/Michaela.jpg\" rel=\"lightbox[79]\"><img loading=\"lazy\" decoding=\"async\" class=\"alignleft size-full wp-image-412\" src=\"http:\/\/www.mtv-studio.de\/wp-content\/uploads\/2013\/05\/Michaela.jpg\" alt=\"Michaela\" width=\"150\" height=\"200\"><\/a><\/td>\n<\/tr>\n<tr>\n<td width=\"20%\">&nbsp;<\/td>\n<td width=\"80%\">&nbsp;<\/td>\n<\/tr>\n<tr>\n<td width=\"20%\"><strong>Studioeinsatz:<\/strong><\/td>\n<td width=\"80%\">Freitags 15:30 &#8211; 18:30 Uhr<\/td>\n<\/tr>\n<tr>\n<td width=\"20%\">&nbsp;<\/td>\n<td width=\"80%\">&nbsp;<\/td>\n<\/tr>\n<tr>\n<td width=\"20%\">&nbsp;<\/td>\n<td width=\"80%\">&nbsp;<\/td>\n<\/tr>\n<tr>\n<td width=\"20%\">&nbsp;<\/td>\n<td width=\"80%\">&nbsp;<\/td>\n<\/tr>\n<tr>\n<td valign=\"top\" width=\"20%\"><strong>T\u00e4tigkeit:<\/strong><\/td>\n<td colspan=\"2\" valign=\"top\" width=\"80%\">Trainerin im MTV-Fitnessstudio<\/td>\n<\/tr>\n<tr>\n<td valign=\"top\" width=\"20%\">&nbsp;<\/td>\n<td valign=\"top\" width=\"80%\">&nbsp;<\/td>\n<td valign=\"top\" width=\"64%\">&nbsp;<\/td>\n<\/tr>\n<tr>\n<td valign=\"top\" width=\"20%\"><b>Ausbildung:<\/b><\/td>\n<td style=\"text-align: justify;\" colspan=\"2\" align=\"left\" valign=\"top\">Bis Mitte Zwanzig hatte ich mit Sport, au\u00dfer freizeitm\u00e4\u00dfig Fahrradfahren und Tischtennis spielen, nicht sehr viel zu tun. Als ich dann nach Mainz umgezogen bin, habe ich mich um einen Nebenjob bem\u00fcht und der Zufall hat mir eine T\u00e4tigkeit in einem Fitnessstudio beschert. Dort arbeite ich nun seit 2001 nebenberuflich als Trainerin zur Einweisung an den Ger\u00e4ten und nehme auch PWC-Tests ab. Die Schulungen und die Arbeit mit den Kunden haben mir soviel Spa\u00df gemacht, dass ich mich nach einigen Jahren dazu entschlossen habe, mich auf dem Sportsektor weiterzubilden:<\/p>\n<ul>\n<li>im Februar 2006 habe ich meinen Fach\u00fcbungsleiter C \u201eFitness und Gesundheit\u201c gemacht;<\/li>\n<li>im April 2006 habe ich mich zur DTB Kursleiterin im Walking\/ Nordic Walking ausbilden lassen;<\/li>\n<li>im Juli 2006 habe ich die 2. Lizenzstufe als \u00dcbungsleiter \u201e Sport in der Pr\u00e4vention \u2013 Herz-Kreislauf-Training\u201c erworben;<\/li>\n<li>im April 2011 habe ich mich zur Trainerin f\u00fcr Indoor cycling ausbilden lassen<\/li>\n<li>im November 2011 und Januar 2012 habe ich erfolgreich an einer zweiteiligen Ausbildung zum \u201eGewichtscoach\u201c teilgenommen<\/li>\n<li>im April 2012 habe ich die B-Lizenz \u201eSport im Ganztag\u201c erworben.<\/li>\n<li>nach der Geburt meiner Tochter im Mai 2012 habe ich zuerst als Teilnehmerin bei \u201eLaufMamaLauf\u201c ( ein Outdoor-Fitness-Programm f\u00fcr Mamis mit Kind) teilgenommen und mich dann zur LaufMamaLauf-Trainerin ausbilden lassen.<\/li>\n<\/ul>\n<p>Seit 2006 bin ich nun Mitarbeiterin im MTV-Fitnessstudio.<\/p>\n<p>Desweiteren gebe ich auch Kurse zu den Themen \u201eBodystyling\u201c, \u201eBBP\u201c, \u201eWirbels\u00e4ulengymnastik\u201c, \u201eIndoor cycling\u201c, \u201eFitnesstraining\u201c und \u201eWalking\/ Nordic Walking\u201c.<\/p>\n<p>Hauptberuflich bin ich MTA-L in einem Forschungslabor an der Universit\u00e4tsmedizin Mainz.<\/td>\n<\/tr>\n<tr>\n<td valign=\"top\" width=\"20%\"><b>Ihre Anfrage:<\/b><\/td>\n<td colspan=\"2\" align=\"left\" valign=\"top\">&nbsp;<div role=\"form\" class=\"wpcf7\" id=\"wpcf7-f167-o1\" dir=\"ltr\">\n<div class=\"screen-reader-response\"><p role=\"status\" aria-live=\"polite\" aria-atomic=\"true\"><\/p> <ul><\/ul><\/div>\n<form action=\"\/index.php?rest_route=%2Fwp%2Fv2%2Fpages%2F79#wpcf7-f167-o1\" method=\"post\" class=\"wpcf7-form init\" novalidate=\"novalidate\" data-status=\"init\">\n<div style=\"display: none;\">\n<input type=\"hidden\" name=\"_wpcf7\" value=\"167\" \/>\n<input type=\"hidden\" name=\"_wpcf7_version\" value=\"5.5.6.1\" \/>\n<input type=\"hidden\" name=\"_wpcf7_locale\" value=\"\" \/>\n<input type=\"hidden\" name=\"_wpcf7_unit_tag\" value=\"wpcf7-f167-o1\" \/>\n<input type=\"hidden\" name=\"_wpcf7_container_post\" value=\"0\" \/>\n<input type=\"hidden\" name=\"_wpcf7_posted_data_hash\" value=\"\" \/>\n<\/div>\n<p>Ihr Name (Pflichtfeld)<br \/>\n    <span class=\"wpcf7-form-control-wrap your-name\"><input type=\"text\" name=\"your-name\" value=\"\" size=\"40\" class=\"wpcf7-form-control wpcf7-text wpcf7-validates-as-required\" aria-required=\"true\" aria-invalid=\"false\" \/><\/span> <\/p>\n<p>Ihre E-Mail-Adresse (Pflichtfeld)<br \/>\n    <span class=\"wpcf7-form-control-wrap your-email\"><input type=\"email\" name=\"your-email\" value=\"\" size=\"40\" class=\"wpcf7-form-control wpcf7-text wpcf7-email wpcf7-validates-as-required wpcf7-validates-as-email\" aria-required=\"true\" aria-invalid=\"false\" \/><\/span> <\/p>\n<p>Betreff<br \/>\n    <span class=\"wpcf7-form-control-wrap your-subject\"><input type=\"text\" name=\"your-subject\" value=\"\" size=\"40\" class=\"wpcf7-form-control wpcf7-text\" aria-invalid=\"false\" \/><\/span> <\/p>\n<p>Ihre Nachricht<br \/>\n    <span class=\"wpcf7-form-control-wrap your-message\"><textarea name=\"your-message\" cols=\"40\" rows=\"10\" class=\"wpcf7-form-control wpcf7-textarea\" aria-invalid=\"false\"><\/textarea><\/span> <\/p>\n<p><input type=\"hidden\" name=\"_wpcf7_captcha_challenge_captcha-509\" value=\"2952349083\" \/><img loading=\"lazy\" decoding=\"async\" class=\"wpcf7-form-control wpcf7-captchac wpcf7-captcha-captcha-509\" width=\"84\" height=\"28\" alt=\"captcha\" src=\"http:\/\/www.mtv-studio.de\/wp-content\/uploads\/wpcf7_captcha\/2952349083.png\" \/><\/p>\n<p>Bitte geben Sie den Sicherheitscode ein<br \/>\n<span class=\"wpcf7-form-control-wrap captcha-509\"><input type=\"text\" name=\"captcha-509\" value=\"\" size=\"40\" class=\"wpcf7-form-control wpcf7-captchar\" autocomplete=\"off\" aria-invalid=\"false\" \/><\/span><\/p>\n<p><input type=\"submit\" value=\"Senden\" class=\"wpcf7-form-control has-spinner wpcf7-submit\" \/><\/p>\n<div class=\"wpcf7-response-output\" aria-hidden=\"true\"><\/div><\/form><\/div><\/td>\n<\/tr>\n<\/tbody>\n<\/table>\n<p>&nbsp;<\/p>\n","protected":false},"excerpt":{"rendered":"<p>&nbsp; &nbsp; &nbsp; &nbsp; Studioeinsatz: Freitags 15:30 &#8211; 18:30 Uhr &nbsp; &nbsp; &nbsp; &nbsp; &nbsp; &nbsp; T\u00e4tigkeit: Trainerin im MTV-Fitnessstudio &nbsp; &nbsp; &nbsp; Ausbildung: Bis Mitte Zwanzig hatte ich mit Sport, <span class=\"excerpt-dots\">&hellip;<\/span> <a class=\"more-link\" href=\"http:\/\/www.mtv-studio.de\/?page_id=79\"><span class=\"more-msg\">Weiterlesen &rarr;<\/span><\/a><\/p>\n","protected":false},"author":2,"featured_media":0,"parent":68,"menu_order":100,"comment_status":"closed","ping_status":"closed","template":"","meta":{"ngg_post_thumbnail":0,"_mc_calendar":[],"footnotes":""},"class_list":["post-79","page","type-page","status-publish","hentry"],"_links":{"self":[{"href":"http:\/\/www.mtv-studio.de\/index.php?rest_route=\/wp\/v2\/pages\/79","targetHints":{"allow":["GET"]}}],"collection":[{"href":"http:\/\/www.mtv-studio.de\/index.php?rest_route=\/wp\/v2\/pages"}],"about":[{"href":"http:\/\/www.mtv-studio.de\/index.php?rest_route=\/wp\/v2\/types\/page"}],"author":[{"embeddable":true,"href":"http:\/\/www.mtv-studio.de\/index.php?rest_route=\/wp\/v2\/users\/2"}],"replies":[{"embeddable":true,"href":"http:\/\/www.mtv-studio.de\/index.php?rest_route=%2Fwp%2Fv2%2Fcomments&post=79"}],"version-history":[{"count":25,"href":"http:\/\/www.mtv-studio.de\/index.php?rest_route=\/wp\/v2\/pages\/79\/revisions"}],"predecessor-version":[{"id":1323,"href":"http:\/\/www.mtv-studio.de\/index.php?rest_route=\/wp\/v2\/pages\/79\/revisions\/1323"}],"up":[{"embeddable":true,"href":"http:\/\/www.mtv-studio.de\/index.php?rest_route=\/wp\/v2\/pages\/68"}],"wp:attachment":[{"href":"http:\/\/www.mtv-studio.de\/index.php?rest_route=%2Fwp%2Fv2%2Fmedia&parent=79"}],"curies":[{"name":"wp","href":"https:\/\/api.w.org\/{rel}","templated":true}]}}