{"id":68,"date":"2013-03-29T20:45:09","date_gmt":"2013-03-29T18:45:09","guid":{"rendered":"http:\/\/www.mtv-studio.de\/\/?page_id=68"},"modified":"2013-03-30T18:52:12","modified_gmt":"2013-03-30T16:52:12","slug":"trainer-team","status":"publish","type":"page","link":"http:\/\/www.mtv-studio.de\/?page_id=68","title":{"rendered":"Trainer-Team"},"content":{"rendered":"<p>das Studioteam besteht derzeit aus 16 geschulten Trainerinnen und Trainern die Ihnen bei Fragen gerne zu Verf\u00fcgung stehen.<\/p>\n<p>Einzelanfragen k\u00f6nnen sie \u00fcber die Kontaktseite an jeden Trainer stellen, eine Teamanfrage k\u00f6nnen Sie \u00fcber folgendes Formular absenden.<\/p>\n<div role=\"form\" class=\"wpcf7\" id=\"wpcf7-f174-o1\" lang=\"en-US\" dir=\"ltr\">\n<div class=\"screen-reader-response\"><p role=\"status\" aria-live=\"polite\" aria-atomic=\"true\"><\/p> <ul><\/ul><\/div>\n<form action=\"\/index.php?rest_route=%2Fwp%2Fv2%2Fpages%2F68#wpcf7-f174-o1\" method=\"post\" class=\"wpcf7-form init\" novalidate=\"novalidate\" data-status=\"init\">\n<div style=\"display: none;\">\n<input type=\"hidden\" name=\"_wpcf7\" value=\"174\" \/>\n<input type=\"hidden\" name=\"_wpcf7_version\" value=\"5.5.6.1\" \/>\n<input type=\"hidden\" name=\"_wpcf7_locale\" value=\"en_US\" \/>\n<input type=\"hidden\" name=\"_wpcf7_unit_tag\" value=\"wpcf7-f174-o1\" \/>\n<input type=\"hidden\" name=\"_wpcf7_container_post\" value=\"0\" \/>\n<input type=\"hidden\" name=\"_wpcf7_posted_data_hash\" value=\"\" \/>\n<\/div>\n<p>Ihr Name (Pflichtfeld)<br \/>\n    <span class=\"wpcf7-form-control-wrap your-name\"><input type=\"text\" name=\"your-name\" value=\"\" size=\"40\" class=\"wpcf7-form-control wpcf7-text wpcf7-validates-as-required\" aria-required=\"true\" aria-invalid=\"false\" \/><\/span> <\/p>\n<p>Ihre E-Mail-Adresse (Pflichtfeld)<br \/>\n    <span class=\"wpcf7-form-control-wrap your-email\"><input type=\"email\" name=\"your-email\" value=\"\" size=\"40\" class=\"wpcf7-form-control wpcf7-text wpcf7-email wpcf7-validates-as-required wpcf7-validates-as-email\" aria-required=\"true\" aria-invalid=\"false\" \/><\/span> <\/p>\n<p>Betreff<br \/>\n    <span class=\"wpcf7-form-control-wrap your-subject\"><input type=\"text\" name=\"your-subject\" value=\"\" size=\"40\" class=\"wpcf7-form-control wpcf7-text\" aria-invalid=\"false\" \/><\/span> <\/p>\n<p>Ihre Nachricht<br \/>\n    <span class=\"wpcf7-form-control-wrap your-message\"><textarea name=\"your-message\" cols=\"40\" rows=\"10\" class=\"wpcf7-form-control wpcf7-textarea\" aria-invalid=\"false\"><\/textarea><\/span> <\/p>\n<p><input type=\"hidden\" name=\"_wpcf7_captcha_challenge_captcha-509\" value=\"2430524705\" \/><img loading=\"lazy\" decoding=\"async\" class=\"wpcf7-form-control wpcf7-captchac wpcf7-captcha-captcha-509\" width=\"84\" height=\"28\" alt=\"captcha\" src=\"http:\/\/www.mtv-studio.de\/wp-content\/uploads\/wpcf7_captcha\/2430524705.png\" \/><\/p>\n<p>Bitte geben Sie den Sicherheitscode ein<br \/>\n<span class=\"wpcf7-form-control-wrap captcha-509\"><input type=\"text\" name=\"captcha-509\" value=\"\" size=\"40\" class=\"wpcf7-form-control wpcf7-captchar\" autocomplete=\"off\" aria-invalid=\"false\" \/><\/span><\/p>\n<p><input type=\"submit\" value=\"Senden\" class=\"wpcf7-form-control has-spinner wpcf7-submit\" \/><\/p>\n<div class=\"wpcf7-response-output\" aria-hidden=\"true\"><\/div><\/form><\/div>\n","protected":false},"excerpt":{"rendered":"<p>das Studioteam besteht derzeit aus 16 geschulten Trainerinnen und Trainern die Ihnen bei Fragen gerne zu Verf\u00fcgung stehen. Einzelanfragen k\u00f6nnen sie \u00fcber die Kontaktseite an jeden Trainer stellen, eine Teamanfrage k\u00f6nnen <span class=\"excerpt-dots\">&hellip;<\/span> <a class=\"more-link\" href=\"http:\/\/www.mtv-studio.de\/?page_id=68\"><span class=\"more-msg\">Weiterlesen &rarr;<\/span><\/a><\/p>\n","protected":false},"author":2,"featured_media":0,"parent":0,"menu_order":50,"comment_status":"closed","ping_status":"closed","template":"","meta":{"ngg_post_thumbnail":0,"_mc_calendar":[],"footnotes":""},"class_list":["post-68","page","type-page","status-publish","hentry"],"_links":{"self":[{"href":"http:\/\/www.mtv-studio.de\/index.php?rest_route=\/wp\/v2\/pages\/68","targetHints":{"allow":["GET"]}}],"collection":[{"href":"http:\/\/www.mtv-studio.de\/index.php?rest_route=\/wp\/v2\/pages"}],"about":[{"href":"http:\/\/www.mtv-studio.de\/index.php?rest_route=\/wp\/v2\/types\/page"}],"author":[{"embeddable":true,"href":"http:\/\/www.mtv-studio.de\/index.php?rest_route=\/wp\/v2\/users\/2"}],"replies":[{"embeddable":true,"href":"http:\/\/www.mtv-studio.de\/index.php?rest_route=%2Fwp%2Fv2%2Fcomments&post=68"}],"version-history":[{"count":5,"href":"http:\/\/www.mtv-studio.de\/index.php?rest_route=\/wp\/v2\/pages\/68\/revisions"}],"predecessor-version":[{"id":242,"href":"http:\/\/www.mtv-studio.de\/index.php?rest_route=\/wp\/v2\/pages\/68\/revisions\/242"}],"wp:attachment":[{"href":"http:\/\/www.mtv-studio.de\/index.php?rest_route=%2Fwp%2Fv2%2Fmedia&parent=68"}],"curies":[{"name":"wp","href":"https:\/\/api.w.org\/{rel}","templated":true}]}}