{"id":51,"date":"2013-03-29T20:27:11","date_gmt":"2013-03-29T18:27:11","guid":{"rendered":"http:\/\/www.mtv-studio.de\/\/?page_id=51"},"modified":"2019-07-28T11:59:17","modified_gmt":"2019-07-28T09:59:17","slug":"impressum","status":"publish","type":"page","link":"http:\/\/www.mtv-studio.de\/?page_id=51","title":{"rendered":"Impressum"},"content":{"rendered":"<table border=\"0\" width=\"630\" cellspacing=\"0\" cellpadding=\"0\">\n<tbody>\n<tr>\n<td valign=\"top\" width=\"274\"><strong>Mombacher Turnverein 1861 e.V.<\/strong><b><br \/>\n<\/b>Abteilung mtv-Studio<br \/>\nTurnerstra\u00dfe 31\u201333<br \/>\n55120 Mainz<br \/>\nTelefon (06131) 625604<br \/>\n<span style=\"color: #800000;\"><a href=\"http:\/\/www.mombacher-turnverein.de\/\" target=\"_blank\" rel=\"noopener noreferrer\"><span style=\"color: #800000;\">www.mombacher-turnverein.de<\/span><\/a><\/span>&nbsp;<\/p>\n<p><span style=\"color: #800000;\"><br \/>\n<\/span><strong>Vorsitzende<\/strong><\/p>\n<p>Christine Bechtloff<br \/>\nKerstin Sinsel<br \/>\nMathias Gr\u00fcnewald<\/p>\n<p>&nbsp;<\/p>\n<p>&nbsp;<\/td>\n<td valign=\"top\" width=\"28\">&nbsp;<\/td>\n<td valign=\"top\" width=\"274\"><strong>Design &amp; Umsetzung<\/strong><b><br \/>\n<\/b>Klaus-Peter Lehmann<br \/>\nmtv-Studio<br \/>\nTelefon (06131) 625604, Klaus-Peter<\/td>\n<td valign=\"top\" width=\"27\">&nbsp;<\/td>\n<\/tr>\n<\/tbody>\n<\/table>\n<p>&nbsp;<\/p>\n<table style=\"height: 1022px;\" border=\"0\" width=\"639\" cellspacing=\"0\" cellpadding=\"0\">\n<tbody>\n<tr>\n<td width=\"27\"><span style=\"font-family: Arial;\">&nbsp;<\/span><\/td>\n<td valign=\"top\"><span style=\"font-family: Arial;\"><span style=\"font-family: Arial;\"><span style=\"font-family: Arial;\">Haftungsausschluss<br \/>\n<\/span><\/span><\/span>1. Rechtshinweis<br \/>\nAlle Rechte vorbehalten. Insbesondere d\u00fcrfen Nachdruck, Aufnahme in Online-Dienste und Internet und Vervielf\u00e4ltigung auf Datentr\u00e4ger wie CD-ROM, DVD-ROM etc. nur nach vorheriger schriftlicher Zustimmung erfolgen.2. Verlinkung<br \/>\nWir haben auf unseren Seiten Links zu anderen Seiten im Internet gelegt. F\u00fcr alle diese Links gilt:<br \/>\nDas mtv-Studio des Mombacher Turnvereins erkl\u00e4rt ausdr\u00fccklich, dass sie keinerlei Einfluss auf die Gestaltung und die Inhalte der gelinkten Seiten hat. Deshalb distanziert es sich hiermit ausdr\u00fccklich von allen Inhalten aller gelinkten Seiten auf dieser Homepage und macht sich diese Inhalte nicht zu eigen. Diese Erkl\u00e4rung gilt f\u00fcr alle auf unserer Homepage angezeigten Links und f\u00fcr alle Inhalte der Seiten, zu denen wir Banner und Links f\u00fchren.(Rechtssprechung nachzulesen unter: http:\/\/www.online-recht.de)3. Aktualisierung\/Haftung<br \/>\nDas mtv-Studio des MTV ist bem\u00fcht, f\u00fcr die Richtigkeit und Aktualit\u00e4t aller auf ihrer Website enthaltenen Informationen und Daten zu sorgen. Eine Haftung oder Garantie f\u00fcr die Aktualit\u00e4t, Richtigkeit und Vollst\u00e4ndigkeit der zur Verf\u00fcgung gestellten Informationen und Daten ist jedoch ausgeschlossen. In keinem Fall wird f\u00fcr Sch\u00e4den, die sich aus der Verwendung der abgerufenen Informationen ergeben, eine Haftung \u00fcbernommen.<br \/>\nDas mtv-Studio des Mombacher Turnvereins beh\u00e4lt sich vor, ohne Ank\u00fcndigung \u00c4nderungen oder Erg\u00e4nzungen der bereitgestellten Informationen oder Daten vorzunehmen.&nbsp;<\/p>\n<p>4. Datenschutz-Hinweise<br \/>\nIhre E-Mails und die online versendbaren Formulare werden ohne zus\u00e4tzliche Verschl\u00fcsselungstechniken an das mtv-Studio des Mombacher Turnvereins Abteilung Studio weitergeleitet. Alle gesendeten Informationen k\u00f6nnen daher u.U. w\u00e4hrend der \u00dcbermittlung von Dritten eingesehen werden.<\/td>\n<td valign=\"top\" width=\"27\">&nbsp;<\/td>\n<\/tr>\n<\/tbody>\n<\/table>\n<p>&nbsp;<\/p>\n","protected":false},"excerpt":{"rendered":"<p>Mombacher Turnverein 1861 e.V. Abteilung mtv-Studio Turnerstra\u00dfe 31\u201333 55120 Mainz Telefon (06131) 625604 www.mombacher-turnverein.de&nbsp; Vorsitzende Christine Bechtloff Kerstin Sinsel Mathias Gr\u00fcnewald &nbsp; &nbsp; &nbsp; Design &amp; Umsetzung Klaus-Peter Lehmann mtv-Studio Telefon <span class=\"excerpt-dots\">&hellip;<\/span> <a class=\"more-link\" href=\"http:\/\/www.mtv-studio.de\/?page_id=51\"><span class=\"more-msg\">Weiterlesen &rarr;<\/span><\/a><\/p>\n","protected":false},"author":2,"featured_media":0,"parent":0,"menu_order":70,"comment_status":"closed","ping_status":"closed","template":"","meta":{"ngg_post_thumbnail":0,"_mc_calendar":[],"footnotes":""},"class_list":["post-51","page","type-page","status-publish","hentry"],"_links":{"self":[{"href":"http:\/\/www.mtv-studio.de\/index.php?rest_route=\/wp\/v2\/pages\/51","targetHints":{"allow":["GET"]}}],"collection":[{"href":"http:\/\/www.mtv-studio.de\/index.php?rest_route=\/wp\/v2\/pages"}],"about":[{"href":"http:\/\/www.mtv-studio.de\/index.php?rest_route=\/wp\/v2\/types\/page"}],"author":[{"embeddable":true,"href":"http:\/\/www.mtv-studio.de\/index.php?rest_route=\/wp\/v2\/users\/2"}],"replies":[{"embeddable":true,"href":"http:\/\/www.mtv-studio.de\/index.php?rest_route=%2Fwp%2Fv2%2Fcomments&post=51"}],"version-history":[{"count":22,"href":"http:\/\/www.mtv-studio.de\/index.php?rest_route=\/wp\/v2\/pages\/51\/revisions"}],"predecessor-version":[{"id":1063,"href":"http:\/\/www.mtv-studio.de\/index.php?rest_route=\/wp\/v2\/pages\/51\/revisions\/1063"}],"wp:attachment":[{"href":"http:\/\/www.mtv-studio.de\/index.php?rest_route=%2Fwp%2Fv2%2Fmedia&parent=51"}],"curies":[{"name":"wp","href":"https:\/\/api.w.org\/{rel}","templated":true}]}}