{"id":306,"date":"2013-04-06T15:33:00","date_gmt":"2013-04-06T13:33:00","guid":{"rendered":"http:\/\/www.mtv-studio.de\/\/?page_id=306"},"modified":"2021-12-05T14:01:27","modified_gmt":"2021-12-05T13:01:27","slug":"mitglied-werden","status":"publish","type":"page","link":"http:\/\/www.mtv-studio.de\/?page_id=306","title":{"rendered":"Mitglied werden"},"content":{"rendered":"<h1><span style=\"font-size: 16px;\">\u00dcber 350 Mitglieder sind beim mtv-Studio des Mombacher Turnverein angemeldet. <\/span><\/h1>\n<h1><span style=\"font-size: 16px;\">Wenn Du auch dazu geh\u00f6ren willst, kannst Du nach einem vereinbarten Probetraining einfach Dein ausgef\u00fclltes&nbsp;<\/span><a href=\"https:\/\/www.mombacher-turnverein.de\/wp-content\/uploads\/MTV_Aufnahmeantrag.pdf\" target=\"_blank\" rel=\"noopener noreferrer\"><span style=\"font-size: medium;\">Anmeldeformular<\/span><\/a><span style=\"font-size: 16px;\"><a href=\"http:\/\/www.mombacher-turnverein.de\/wp-content\/uploads\/Anmeldeformular.pdf\" target=\"_blank\" rel=\"noopener noreferrer\">&nbsp;<\/a>bei einem unserer Trainer im mtv-Studio abgeben.<\/span><\/h1>\n","protected":false},"excerpt":{"rendered":"<p>\u00dcber 350 Mitglieder sind beim mtv-Studio des Mombacher Turnverein angemeldet. Wenn Du auch dazu geh\u00f6ren willst, kannst Du nach einem vereinbarten Probetraining einfach Dein ausgef\u00fclltes&nbsp;Anmeldeformular&nbsp;bei einem unserer Trainer im mtv-Studio abgeben.<\/p>\n <a class=\"more-link\" href=\"http:\/\/www.mtv-studio.de\/?page_id=306\"><span class=\"more-msg\">Weiterlesen &rarr;<\/span><\/a>","protected":false},"author":2,"featured_media":0,"parent":16,"menu_order":30,"comment_status":"closed","ping_status":"closed","template":"","meta":{"ngg_post_thumbnail":0,"_mc_calendar":[],"footnotes":""},"class_list":["post-306","page","type-page","status-publish","hentry"],"_links":{"self":[{"href":"http:\/\/www.mtv-studio.de\/index.php?rest_route=\/wp\/v2\/pages\/306","targetHints":{"allow":["GET"]}}],"collection":[{"href":"http:\/\/www.mtv-studio.de\/index.php?rest_route=\/wp\/v2\/pages"}],"about":[{"href":"http:\/\/www.mtv-studio.de\/index.php?rest_route=\/wp\/v2\/types\/page"}],"author":[{"embeddable":true,"href":"http:\/\/www.mtv-studio.de\/index.php?rest_route=\/wp\/v2\/users\/2"}],"replies":[{"embeddable":true,"href":"http:\/\/www.mtv-studio.de\/index.php?rest_route=%2Fwp%2Fv2%2Fcomments&post=306"}],"version-history":[{"count":6,"href":"http:\/\/www.mtv-studio.de\/index.php?rest_route=\/wp\/v2\/pages\/306\/revisions"}],"predecessor-version":[{"id":1194,"href":"http:\/\/www.mtv-studio.de\/index.php?rest_route=\/wp\/v2\/pages\/306\/revisions\/1194"}],"up":[{"embeddable":true,"href":"http:\/\/www.mtv-studio.de\/index.php?rest_route=\/wp\/v2\/pages\/16"}],"wp:attachment":[{"href":"http:\/\/www.mtv-studio.de\/index.php?rest_route=%2Fwp%2Fv2%2Fmedia&parent=306"}],"curies":[{"name":"wp","href":"https:\/\/api.w.org\/{rel}","templated":true}]}}