{"id":115,"date":"2013-03-30T13:49:01","date_gmt":"2013-03-30T11:49:01","guid":{"rendered":"http:\/\/www.mtv-studio.de\/\/?page_id=115"},"modified":"2023-01-07T17:31:33","modified_gmt":"2023-01-07T16:31:33","slug":"florian-lehmann","status":"publish","type":"page","link":"http:\/\/www.mtv-studio.de\/?page_id=115","title":{"rendered":"Florian Lehmann"},"content":{"rendered":"<table border=\"0\" width=\"100%\">\n<tbody>\n<tr>\n<td colspan=\"3\">&nbsp;<\/td>\n<td rowspan=\"6\" align=\"center\" width=\"38%\"><a href=\"http:\/\/www.mtv-studio.de\/wp-content\/uploads\/2013\/03\/Florian2.jpg\" rel=\"lightbox[115]\"><img loading=\"lazy\" decoding=\"async\" class=\"alignleft wp-image-720 size-full\" src=\"http:\/\/www.mtv-studio.de\/wp-content\/uploads\/2013\/03\/Florian2.jpg\" alt=\"\" width=\"150\" height=\"200\"><\/a><\/td>\n<\/tr>\n<tr>\n<td width=\"11%\">&nbsp;<\/td>\n<td colspan=\"2\">&nbsp;<\/td>\n<\/tr>\n<tr>\n<td width=\"11%\"><strong>Studioeinsatz:<\/strong><\/td>\n<td width=\"6%\">Samstags<\/td>\n<td width=\"45%\">einmal pro Monat<\/td>\n<\/tr>\n<tr>\n<td width=\"11%\">&nbsp;<\/td>\n<td colspan=\"2\">&nbsp;<\/td>\n<\/tr>\n<tr>\n<td width=\"11%\">&nbsp;<\/td>\n<td colspan=\"2\">&nbsp;<\/td>\n<\/tr>\n<tr>\n<td width=\"11%\">&nbsp;<\/td>\n<td colspan=\"2\">&nbsp;<\/td>\n<\/tr>\n<tr>\n<td valign=\"top\" width=\"11%\"><strong>T\u00e4tigkeit:<\/strong><\/td>\n<td colspan=\"3\" valign=\"top\">\n<p style=\"text-align: justify;\">Mit f\u00fcnf Jahren habe ich mit Leichtathletik begonnen und diese Sportart etwa 14 Jahre betrieben. Heute trainiere ich mehrmals die Woche im Fitnessstudio und jogge.<\/p>\n<p style=\"text-align: justify;\">Seitdem ich 15 bin, helfe ich in zwei Leichtathletikgruppen. In dieser Zeit habe ich meinen \u00dcbungsleiterassistentenschein erworben und mit 17 Jahren meine C-Lizenz Breitensport Fitness und Gesundheit. Ab meinem 18. Geburtstag durfte ich dann in unserem Fitnessstudio arbeiten. Ich habe 2011 meine C-Lizenz Leistungssport Leichtathletik erworben und trainiere mit dem Trainerteam drei Gruppen. Ehrenamtlich arbeite ich seit 2012 als Ausbilder f\u00fcr den Turngau Mainz als Ausbilder f\u00fcr \u00dcbungsleiterassistenten\/\u00dcbungsleiterassistentinnen. 2013 habe ich mit viel Schwei\u00df, Blut und Anstrengung meine Lizenz als CrossTrainer erworben und habe an der UNI Mainz angefangen Physik auf Lehramt zu studieren. Dieses Jahr habe ich mit Sport als Zweitfach begonnen.<\/p>\n<p>&nbsp;Mein Motto: Cross your own limits.<\/td>\n<\/tr>\n<tr>\n<td valign=\"top\" width=\"11%\">&nbsp;<\/td>\n<td colspan=\"2\" valign=\"top\">&nbsp;<\/td>\n<td valign=\"top\" width=\"38%\">&nbsp;<\/td>\n<\/tr>\n<tr>\n<td valign=\"top\" width=\"11%\"><strong>&nbsp;Ihre Anfrage<\/strong><\/td>\n<td colspan=\"3\" align=\"left\" valign=\"top\">&nbsp;<div role=\"form\" class=\"wpcf7\" id=\"wpcf7-f170-o1\" dir=\"ltr\">\n<div class=\"screen-reader-response\"><p role=\"status\" aria-live=\"polite\" aria-atomic=\"true\"><\/p> <ul><\/ul><\/div>\n<form action=\"\/index.php?rest_route=%2Fwp%2Fv2%2Fpages%2F115#wpcf7-f170-o1\" method=\"post\" class=\"wpcf7-form init\" novalidate=\"novalidate\" data-status=\"init\">\n<div style=\"display: none;\">\n<input type=\"hidden\" name=\"_wpcf7\" value=\"170\" \/>\n<input type=\"hidden\" name=\"_wpcf7_version\" value=\"5.5.6.1\" \/>\n<input type=\"hidden\" name=\"_wpcf7_locale\" value=\"\" \/>\n<input type=\"hidden\" name=\"_wpcf7_unit_tag\" value=\"wpcf7-f170-o1\" \/>\n<input type=\"hidden\" name=\"_wpcf7_container_post\" value=\"0\" \/>\n<input type=\"hidden\" name=\"_wpcf7_posted_data_hash\" value=\"\" \/>\n<\/div>\n<p>Ihr Name (Pflichtfeld)<br \/>\n    <span class=\"wpcf7-form-control-wrap your-name\"><input type=\"text\" name=\"your-name\" value=\"\" size=\"40\" class=\"wpcf7-form-control wpcf7-text wpcf7-validates-as-required\" aria-required=\"true\" aria-invalid=\"false\" \/><\/span> <\/p>\n<p>Ihre E-Mail-Adresse (Pflichtfeld)<br \/>\n    <span class=\"wpcf7-form-control-wrap your-email\"><input type=\"email\" name=\"your-email\" value=\"\" size=\"40\" class=\"wpcf7-form-control wpcf7-text wpcf7-email wpcf7-validates-as-required wpcf7-validates-as-email\" aria-required=\"true\" aria-invalid=\"false\" \/><\/span> <\/p>\n<p>Betreff<br \/>\n    <span class=\"wpcf7-form-control-wrap your-subject\"><input type=\"text\" name=\"your-subject\" value=\"\" size=\"40\" class=\"wpcf7-form-control wpcf7-text\" aria-invalid=\"false\" \/><\/span> <\/p>\n<p>Ihre Nachricht<br \/>\n    <span class=\"wpcf7-form-control-wrap your-message\"><textarea name=\"your-message\" cols=\"40\" rows=\"10\" class=\"wpcf7-form-control wpcf7-textarea\" aria-invalid=\"false\"><\/textarea><\/span> <\/p>\n<p><input type=\"hidden\" name=\"_wpcf7_captcha_challenge_captcha-509\" value=\"1884836710\" \/><img loading=\"lazy\" decoding=\"async\" class=\"wpcf7-form-control wpcf7-captchac wpcf7-captcha-captcha-509\" width=\"84\" height=\"28\" alt=\"captcha\" src=\"http:\/\/www.mtv-studio.de\/wp-content\/uploads\/wpcf7_captcha\/1884836710.png\" \/><\/p>\n<p>Bitte geben Sie den Sicherheitscode ein<br \/>\n<span class=\"wpcf7-form-control-wrap captcha-509\"><input type=\"text\" name=\"captcha-509\" value=\"\" size=\"40\" class=\"wpcf7-form-control wpcf7-captchar\" autocomplete=\"off\" aria-invalid=\"false\" \/><\/span><\/p>\n<p><input type=\"submit\" value=\"Senden\" class=\"wpcf7-form-control has-spinner wpcf7-submit\" \/><\/p>\n<div class=\"wpcf7-response-output\" aria-hidden=\"true\"><\/div><\/form><\/div><\/td>\n<\/tr>\n<\/tbody>\n<\/table>\n<p>&nbsp;<\/p>\n","protected":false},"excerpt":{"rendered":"<p>&nbsp; &nbsp; &nbsp; Studioeinsatz: Samstags einmal pro Monat &nbsp; &nbsp; &nbsp; &nbsp; &nbsp; &nbsp; T\u00e4tigkeit: Mit f\u00fcnf Jahren habe ich mit Leichtathletik begonnen und diese Sportart etwa 14 Jahre betrieben. Heute <span class=\"excerpt-dots\">&hellip;<\/span> <a class=\"more-link\" href=\"http:\/\/www.mtv-studio.de\/?page_id=115\"><span class=\"more-msg\">Weiterlesen &rarr;<\/span><\/a><\/p>\n","protected":false},"author":2,"featured_media":0,"parent":68,"menu_order":30,"comment_status":"closed","ping_status":"closed","template":"","meta":{"ngg_post_thumbnail":0,"_mc_calendar":[],"footnotes":""},"class_list":["post-115","page","type-page","status-publish","hentry"],"_links":{"self":[{"href":"http:\/\/www.mtv-studio.de\/index.php?rest_route=\/wp\/v2\/pages\/115","targetHints":{"allow":["GET"]}}],"collection":[{"href":"http:\/\/www.mtv-studio.de\/index.php?rest_route=\/wp\/v2\/pages"}],"about":[{"href":"http:\/\/www.mtv-studio.de\/index.php?rest_route=\/wp\/v2\/types\/page"}],"author":[{"embeddable":true,"href":"http:\/\/www.mtv-studio.de\/index.php?rest_route=\/wp\/v2\/users\/2"}],"replies":[{"embeddable":true,"href":"http:\/\/www.mtv-studio.de\/index.php?rest_route=%2Fwp%2Fv2%2Fcomments&post=115"}],"version-history":[{"count":12,"href":"http:\/\/www.mtv-studio.de\/index.php?rest_route=\/wp\/v2\/pages\/115\/revisions"}],"predecessor-version":[{"id":1270,"href":"http:\/\/www.mtv-studio.de\/index.php?rest_route=\/wp\/v2\/pages\/115\/revisions\/1270"}],"up":[{"embeddable":true,"href":"http:\/\/www.mtv-studio.de\/index.php?rest_route=\/wp\/v2\/pages\/68"}],"wp:attachment":[{"href":"http:\/\/www.mtv-studio.de\/index.php?rest_route=%2Fwp%2Fv2%2Fmedia&parent=115"}],"curies":[{"name":"wp","href":"https:\/\/api.w.org\/{rel}","templated":true}]}}